{"id":3060,"date":"2024-12-05T15:39:45","date_gmt":"2024-12-05T14:39:45","guid":{"rendered":"https:\/\/www.strasautresor.com\/?post_type=product&#038;p=3060"},"modified":"2025-09-30T12:31:50","modified_gmt":"2025-09-30T10:31:50","slug":"carte-cadeau","status":"publish","type":"product","link":"https:\/\/www.strasautresor.com\/de\/product\/carte-cadeau\/","title":{"rendered":"Carte cadeau"},"content":{"rendered":"<div class=\"flex-shrink-0 flex flex-col relative items-end\">\n<div>\n<div class=\"pt-0\">\n<div class=\"gizmo-bot-avatar flex h-8 w-8 items-center justify-center overflow-hidden rounded-full\">\n<div class=\"relative p-1 rounded-sm flex items-center justify-center bg-token-main-surface-primary text-token-text-primary h-8 w-8\"><\/div>\n<\/div>\n<\/div>\n<\/div>\n<\/div>\n<div class=\"group\/conversation-turn relative flex w-full min-w-0 flex-col agent-turn\">\n<div class=\"flex-col gap-1 md:gap-3\">\n<div class=\"flex max-w-full flex-col flex-grow\">\n<div class=\"min-h-8 text-message flex w-full flex-col items-end gap-2 whitespace-normal break-words [.text-message+&amp;]:mt-5\" dir=\"auto\" data-message-author-role=\"assistant\" data-message-id=\"bd48e9fe-9f14-4d82-a115-86596ce3b362\" data-message-model-slug=\"gpt-4o\">\n<div class=\"flex w-full flex-col gap-1 empty:hidden first:pt-[3px]\">\n<div class=\"markdown prose w-full break-words dark:prose-invert light\">\n<p><strong>Offrez une aventure inoubliable avec Stras&#8217;au Tr\u00e9sor !<\/strong><br \/>\nPlongez vos proches dans une qu\u00eate captivante au c\u0153ur de Strasbourg, entre \u00e9nigmes myst\u00e9rieuses et d\u00e9couvertes culturelles. Choisissez le nombre de joueurs (de 2 \u00e0 6) et laissez-les vivre une exp\u00e9rience unique, \u00e0 partager en famille ou entre amis. Valable 12 mois, ce bon cadeau est id\u00e9al pour offrir une dose d\u2019\u00e9vasion et de fun. Ajoutez une touche de myst\u00e8re \u00e0 leurs f\u00eates avec une aventure m\u00e9morable !<\/p>\n<\/div>\n<\/div>\n<\/div>\n<\/div>\n<\/div>\n<\/div>\n","protected":false},"excerpt":{"rendered":"<p>Offrez une aventure inoubliable avec Stras&#8217;au Tr\u00e9sor ! Plongez vos proches dans une qu\u00eate captivante au c\u0153ur de Strasbourg, entre \u00e9nigmes myst\u00e9rieuses et d\u00e9couvertes culturelles. Choisissez le nombre de joueurs (de 2 \u00e0 6) et laissez-les vivre une exp\u00e9rience unique, \u00e0 partager en famille ou entre amis. Valable 12 mois, ce bon cadeau est id\u00e9al [&hellip;]<\/p>\n","protected":false},"featured_media":6204,"comment_status":"open","ping_status":"closed","template":"","meta":{"_acf_changed":false},"product_cat":[15],"product_tag":[],"class_list":{"0":"post-3060","1":"product","2":"type-product","3":"status-publish","4":"has-post-thumbnail","6":"product_cat-uncategorized","8":"first","9":"instock","10":"virtual","11":"purchasable","12":"product-type-simple"},"acf":[],"_links":{"self":[{"href":"https:\/\/www.strasautresor.com\/de\/wp-json\/wp\/v2\/product\/3060","targetHints":{"allow":["GET"]}}],"collection":[{"href":"https:\/\/www.strasautresor.com\/de\/wp-json\/wp\/v2\/product"}],"about":[{"href":"https:\/\/www.strasautresor.com\/de\/wp-json\/wp\/v2\/types\/product"}],"replies":[{"embeddable":true,"href":"https:\/\/www.strasautresor.com\/de\/wp-json\/wp\/v2\/comments?post=3060"}],"wp:featuredmedia":[{"embeddable":true,"href":"https:\/\/www.strasautresor.com\/de\/wp-json\/wp\/v2\/media\/6204"}],"wp:attachment":[{"href":"https:\/\/www.strasautresor.com\/de\/wp-json\/wp\/v2\/media?parent=3060"}],"wp:term":[{"taxonomy":"product_cat","embeddable":true,"href":"https:\/\/www.strasautresor.com\/de\/wp-json\/wp\/v2\/product_cat?post=3060"},{"taxonomy":"product_tag","embeddable":true,"href":"https:\/\/www.strasautresor.com\/de\/wp-json\/wp\/v2\/product_tag?post=3060"}],"curies":[{"name":"wp","href":"https:\/\/api.w.org\/{rel}","templated":true}]}}