{"id":31,"date":"2023-04-24T16:51:58","date_gmt":"2023-04-24T16:51:58","guid":{"rendered":"https:\/\/www.strasautresor.com\/?post_type=product&#038;p=31"},"modified":"2025-09-30T12:37:25","modified_gmt":"2025-09-30T10:37:25","slug":"le-tresor-des-francs-macons","status":"publish","type":"product","link":"https:\/\/www.strasautresor.com\/de\/product\/le-tresor-des-francs-macons\/","title":{"rendered":"Le Tr\u00e9sor Des Francs-Ma\u00e7ons"},"content":{"rendered":"<p>Partez en qu\u00eate du <em>Tr\u00e9sor des Francs-Ma\u00e7ons<\/em> dans les rues de Strasbourg. Guid\u00e9 par le myst\u00e9rieux Professeur MacFancorn, dont vous avez trouv\u00e9 le carnet, votre chemin sera ponctu\u00e9 d\u2019\u00e9nigmes et sem\u00e9 d\u2019emb\u00fbches.<\/p>\n<p>Pendant plus de 2h30 vous arpenterez la ville en r\u00e9solvant les \u00e9nigmes dans le but de trouver le tr\u00e9sor. Une exp\u00e9rience immersive, une (re)d\u00e9couverte de la ville, le <em>Tr\u00e9sor des Francs-Ma\u00e7ons <\/em>propose une aventure in\u00e9dite \u00e0 Strasbourg.<\/p>\n","protected":false},"excerpt":{"rendered":"<p>Partez en qu\u00eate du Tr\u00e9sor des Francs-Ma\u00e7ons dans les rues de Strasbourg. Guid\u00e9 par le myst\u00e9rieux Professeur MacFancorn, dont vous avez trouv\u00e9 le carnet, votre chemin sera ponctu\u00e9 d\u2019\u00e9nigmes et sem\u00e9 d\u2019emb\u00fbches. Pendant plus de 2h30 vous arpenterez la ville en r\u00e9solvant les \u00e9nigmes dans le but de trouver le tr\u00e9sor. Une exp\u00e9rience immersive, une [&hellip;]<\/p>\n","protected":false},"featured_media":6102,"comment_status":"open","ping_status":"closed","template":"","meta":{"_acf_changed":false},"product_cat":[15],"product_tag":[],"class_list":{"0":"post-31","1":"product","2":"type-product","3":"status-publish","4":"has-post-thumbnail","6":"product_cat-uncategorized","8":"first","9":"instock","10":"virtual","11":"purchasable","12":"product-type-simple"},"acf":[],"_links":{"self":[{"href":"https:\/\/www.strasautresor.com\/de\/wp-json\/wp\/v2\/product\/31","targetHints":{"allow":["GET"]}}],"collection":[{"href":"https:\/\/www.strasautresor.com\/de\/wp-json\/wp\/v2\/product"}],"about":[{"href":"https:\/\/www.strasautresor.com\/de\/wp-json\/wp\/v2\/types\/product"}],"replies":[{"embeddable":true,"href":"https:\/\/www.strasautresor.com\/de\/wp-json\/wp\/v2\/comments?post=31"}],"wp:featuredmedia":[{"embeddable":true,"href":"https:\/\/www.strasautresor.com\/de\/wp-json\/wp\/v2\/media\/6102"}],"wp:attachment":[{"href":"https:\/\/www.strasautresor.com\/de\/wp-json\/wp\/v2\/media?parent=31"}],"wp:term":[{"taxonomy":"product_cat","embeddable":true,"href":"https:\/\/www.strasautresor.com\/de\/wp-json\/wp\/v2\/product_cat?post=31"},{"taxonomy":"product_tag","embeddable":true,"href":"https:\/\/www.strasautresor.com\/de\/wp-json\/wp\/v2\/product_tag?post=31"}],"curies":[{"name":"wp","href":"https:\/\/api.w.org\/{rel}","templated":true}]}}