{"id":3176,"date":"2025-01-15T11:28:28","date_gmt":"2025-01-15T10:28:28","guid":{"rendered":"https:\/\/www.strasautresor.com\/product\/strasbourg-mon-amour\/"},"modified":"2026-02-14T11:58:42","modified_gmt":"2026-02-14T10:58:42","slug":"strasbourg-mon-amour","status":"publish","type":"product","link":"https:\/\/www.strasautresor.com\/de\/product\/strasbourg-mon-amour\/","title":{"rendered":"Les Amants \u00c9ternels (2 joueurs)"},"content":{"rendered":"<p><em>Un Escape Game dans la ville<\/em><\/p>\n<p data-start=\"159\" data-end=\"416\">Apr\u00e8s le succ\u00e8s de l\u2019\u00e9dition 2025, <em data-start=\"194\" data-end=\"215\">Les Amants \u00c9ternels<\/em> fait son grand retour pour Strasbourg Mon Amour.<\/p>\n<p data-start=\"418\" data-end=\"697\">Sous les pav\u00e9s romantiques de Strasbourg se cache une histoire d\u2019amour intemporelle. Inspir\u00e9 de l\u2019idylle entre Victor Hugo et Juliette Drouet, ce jeu vous embarque dans une balade ponctu\u00e9e d\u2019\u00e9nigmes \u00e0 r\u00e9soudre \u00e0 deux, \u00e0 travers un carnet myst\u00e9rieux menant vers un tr\u00e9sor cach\u00e9.<\/p>\n<p data-start=\"699\" data-end=\"810\">Pens\u00e9 pour les couples mais ouvert \u00e0 tous les duos, c\u2019est une exp\u00e9rience immersive, culturelle et accessible.<\/p>\n<p data-start=\"812\" data-end=\"897\">Le prix est fixe : <strong data-start=\"831\" data-end=\"847\">40\u202f\u20ac par duo<\/strong>, pour une aventure inoubliable \u00e0 partager \u00e0 deux.<\/p>\n<p data-start=\"812\" data-end=\"897\">Ce jeu est <strong data-start=\"278\" data-end=\"321\">le m\u00eame que l\u2019ann\u00e9e derni\u00e8re<\/strong> \u2014 l\u2019occasion parfaite de le d\u00e9couvrir si vous l\u2019aviez manqu\u00e9, ou de l\u2019offrir \u00e0 un nouveau duo.<\/p>\n","protected":false},"excerpt":{"rendered":"<p>Description courte du produit<\/p>\n","protected":false},"featured_media":6350,"comment_status":"open","ping_status":"closed","template":"","meta":{"_acf_changed":false},"product_cat":[32],"product_tag":[],"class_list":{"0":"post-3176","1":"product","2":"type-product","3":"status-publish","4":"has-post-thumbnail","6":"product_cat-uncategorized-de","8":"first","9":"instock","10":"virtual","11":"sold-individually","12":"purchasable","13":"product-type-booking"},"acf":[],"_links":{"self":[{"href":"https:\/\/www.strasautresor.com\/de\/wp-json\/wp\/v2\/product\/3176","targetHints":{"allow":["GET"]}}],"collection":[{"href":"https:\/\/www.strasautresor.com\/de\/wp-json\/wp\/v2\/product"}],"about":[{"href":"https:\/\/www.strasautresor.com\/de\/wp-json\/wp\/v2\/types\/product"}],"replies":[{"embeddable":true,"href":"https:\/\/www.strasautresor.com\/de\/wp-json\/wp\/v2\/comments?post=3176"}],"wp:featuredmedia":[{"embeddable":true,"href":"https:\/\/www.strasautresor.com\/de\/wp-json\/wp\/v2\/media\/6350"}],"wp:attachment":[{"href":"https:\/\/www.strasautresor.com\/de\/wp-json\/wp\/v2\/media?parent=3176"}],"wp:term":[{"taxonomy":"product_cat","embeddable":true,"href":"https:\/\/www.strasautresor.com\/de\/wp-json\/wp\/v2\/product_cat?post=3176"},{"taxonomy":"product_tag","embeddable":true,"href":"https:\/\/www.strasautresor.com\/de\/wp-json\/wp\/v2\/product_tag?post=3176"}],"curies":[{"name":"wp","href":"https:\/\/api.w.org\/{rel}","templated":true}]}}